{"id":2702,"date":"2026-01-23T15:36:06","date_gmt":"2026-01-23T15:36:06","guid":{"rendered":"https:\/\/ph.web-mind.it\/?page_id=2702"},"modified":"2026-03-19T13:01:30","modified_gmt":"2026-03-19T13:01:30","slug":"location","status":"publish","type":"page","link":"https:\/\/ph.web-mind.it\/it\/location\/","title":{"rendered":"Location"},"content":{"rendered":"[vc_row type=&#8221;in_container&#8221; full_screen_row_position=&#8221;middle&#8221; column_margin=&#8221;default&#8221; column_direction=&#8221;default&#8221; column_direction_tablet=&#8221;default&#8221; column_direction_phone=&#8221;default&#8221; scene_position=&#8221;center&#8221; top_padding=&#8221;3rem&#8221; text_color=&#8221;dark&#8221; text_align=&#8221;left&#8221; row_border_radius=&#8221;none&#8221; row_border_radius_applies=&#8221;bg&#8221; row_position_desktop=&#8221;default&#8221; row_position_tablet=&#8221;inherit&#8221; row_position_phone=&#8221;inherit&#8221; overflow=&#8221;visible&#8221; overlay_strength=&#8221;0.3&#8243; gradient_direction=&#8221;left_to_right&#8221; shape_divider_position=&#8221;bottom&#8221; bg_image_animation=&#8221;none&#8221; gradient_type=&#8221;default&#8221; shape_type=&#8221;&#8221;][vc_column column_padding=&#8221;no-extra-padding&#8221; column_padding_tablet=&#8221;inherit&#8221; column_padding_phone=&#8221;inherit&#8221; column_padding_position=&#8221;all&#8221; flex_gap_desktop=&#8221;10px&#8221; column_element_direction_desktop=&#8221;default&#8221; column_element_spacing=&#8221;default&#8221; desktop_text_alignment=&#8221;default&#8221; tablet_text_alignment=&#8221;default&#8221; phone_text_alignment=&#8221;default&#8221; background_color_opacity=&#8221;1&#8243; background_hover_color_opacity=&#8221;1&#8243; column_backdrop_filter=&#8221;none&#8221; column_shadow=&#8221;none&#8221; column_border_radius=&#8221;none&#8221; column_link_target=&#8221;_self&#8221; column_position=&#8221;default&#8221; gradient_direction=&#8221;left_to_right&#8221; overlay_strength=&#8221;0.3&#8243; width=&#8221;1\/1&#8243; tablet_width_inherit=&#8221;default&#8221; animation_type=&#8221;default&#8221; bg_image_animation=&#8221;none&#8221; border_type=&#8221;simple&#8221; column_border_width=&#8221;none&#8221; column_border_style=&#8221;solid&#8221;][vc_column_text css=&#8221;&#8221; text_direction=&#8221;default&#8221;]\n<h1>Ritten Arena<\/h1>\n[\/vc_column_text][vc_column_text css=&#8221;&#8221; text_direction=&#8221;default&#8221;]Non perderti questo posto. La Ritten Arena \u00e8 una Mecca per gli sportivi e anche per i tifosi. Situata a Colllabo sul soleggiato altipiano del Renon offre oltre ad una bellissima vista sulle Dolomiti anche un&#8217;area sportiva moderna ed attrezzatissima. In inverno \u00e8 aperto il palaghiaccio e l\u2019anello del ghiaccio per pattinare. E non appena la stagione per gli atleti di velocit\u00e0 \u00e8 finita, l&#8217;annello \u00e8 nostro! Evviva il Pond Hockey![\/vc_column_text][\/vc_column][\/vc_row][vc_row type=&#8221;in_container&#8221; full_screen_row_position=&#8221;middle&#8221; column_margin=&#8221;default&#8221; equal_height=&#8221;yes&#8221; content_placement=&#8221;middle&#8221; column_direction=&#8221;default&#8221; column_direction_tablet=&#8221;default&#8221; column_direction_phone=&#8221;column_reverse&#8221; bg_color=&#8221;#ffffff&#8221; scene_position=&#8221;center&#8221; text_color=&#8221;dark&#8221; text_align=&#8221;left&#8221; row_border_radius=&#8221;none&#8221; row_border_radius_applies=&#8221;bg&#8221; row_position_desktop=&#8221;default&#8221; row_position_tablet=&#8221;inherit&#8221; row_position_phone=&#8221;inherit&#8221; overflow=&#8221;visible&#8221; overlay_strength=&#8221;0.3&#8243; gradient_direction=&#8221;left_to_right&#8221; shape_divider_position=&#8221;bottom&#8221; bg_image_animation=&#8221;none&#8221; gradient_type=&#8221;default&#8221; shape_type=&#8221;&#8221;][vc_column column_padding=&#8221;no-extra-padding&#8221; column_padding_tablet=&#8221;inherit&#8221; column_padding_phone=&#8221;inherit&#8221; column_padding_position=&#8221;all&#8221; column_element_direction_desktop=&#8221;default&#8221; column_element_spacing=&#8221;default&#8221; desktop_text_alignment=&#8221;default&#8221; tablet_text_alignment=&#8221;default&#8221; phone_text_alignment=&#8221;default&#8221; background_color_opacity=&#8221;1&#8243; background_hover_color_opacity=&#8221;1&#8243; column_backdrop_filter=&#8221;none&#8221; column_shadow=&#8221;none&#8221; column_border_radius=&#8221;none&#8221; column_link_target=&#8221;_self&#8221; column_position=&#8221;default&#8221; gradient_direction=&#8221;left_to_right&#8221; overlay_strength=&#8221;0.3&#8243; width=&#8221;1\/2&#8243; tablet_width_inherit=&#8221;default&#8221; animation_type=&#8221;default&#8221; bg_image_animation=&#8221;none&#8221; border_type=&#8221;simple&#8221; column_border_width=&#8221;none&#8221; column_border_style=&#8221;solid&#8221; column_padding_type=&#8221;default&#8221; content_layout=&#8221;default&#8221; gradient_type=&#8221;default&#8221;][nectar_gmap map_type=&#8221;leaflet&#8221; zoom=&#8221;17&#8243; marker_style=&#8221;nectar&#8221; color=&#8221;accent-color&#8221; size=&#8221;500&#8243; map_center_lat=&#8221;46.53845235172451&#8243; map_center_lng=&#8221;11.454131181808162&#8243; map_markers=&#8221;46.53871261157426|11.455081074638313&#8243;][\/vc_column][vc_column column_padding=&#8221;padding-7-percent&#8221; column_padding_tablet=&#8221;inherit&#8221; column_padding_phone=&#8221;inherit&#8221; column_padding_position=&#8221;all&#8221; flex_gap_desktop=&#8221;10px&#8221; column_element_direction_desktop=&#8221;default&#8221; column_element_spacing=&#8221;default&#8221; desktop_text_alignment=&#8221;default&#8221; tablet_text_alignment=&#8221;default&#8221; phone_text_alignment=&#8221;default&#8221; background_color_opacity=&#8221;1&#8243; background_hover_color_opacity=&#8221;1&#8243; column_backdrop_filter=&#8221;none&#8221; column_shadow=&#8221;none&#8221; column_border_radius=&#8221;none&#8221; column_link_target=&#8221;_self&#8221; column_position=&#8221;default&#8221; gradient_direction=&#8221;left_to_right&#8221; overlay_strength=&#8221;0.3&#8243; width=&#8221;1\/2&#8243; tablet_width_inherit=&#8221;default&#8221; animation_type=&#8221;default&#8221; bg_image_animation=&#8221;none&#8221; border_type=&#8221;simple&#8221; column_border_width=&#8221;none&#8221; column_border_style=&#8221;solid&#8221;][vc_column_text css=&#8221;&#8221; text_direction=&#8221;default&#8221;]<strong>ARENA RITTEN<\/strong><br \/>\nVia Zaberbach 15<br \/>\n39054 Collalbo\/Renon<br \/>\nBZ Italia<\/p>\n<p><strong>Indicazioni per il parcheggio:<\/strong>\u00a0\u00c8 possibile parcheggiare nel\u00a0parcheggio Kaiserau. Da l\u00ec, in pochi metri si raggiunge la Ritten Arena. Inoltre, \u00e8 possibile utilizzare il\u00a0<a href=\"https:\/\/www.google.com\/maps\/place\/Parcheggio+Centro\/@46.5383959,11.4655908,19.25z\/data=!4m6!3m5!1s0x4778759598212847:0x6360346ec72ab315!8m2!3d46.5384669!4d11.465424!16s%2Fg%2F11frg9dfjv?entry=ttu&amp;g_ep=EgoyMDI2MDEyNS4wIKXMDSoASAFQAw%3D%3D\" target=\"_blank\" rel=\"noopener\">parcheggio Zentral<\/a>\u00a0e il\u00a0<a href=\"https:\/\/www.google.com\/maps\/place\/Parkplatz\/@46.5408524,11.4665462,19.25z\/data=!4m6!3m5!1s0x4778758c5856bd7d:0x2858626ec49eb05f!8m2!3d46.540792!4d11.4669028!16s%2Fg%2F11j93zh1bj?entry=ttu&amp;g_ep=EgoyMDI2MDEyNS4wIKXMDSoASAFQAw%3D%3D\" target=\"_blank\" rel=\"noopener\">parcheggio Longomoso<\/a>.[\/vc_column_text][nectar_cta btn_style=&#8221;basic&#8221; heading_tag=&#8221;span&#8221; border_radius=&#8221;5&#8243; link_type=&#8221;new_tab&#8221; button_color=&#8221;extra-color-1&#8243; text_color=&#8221;#FFFFFF&#8221; button_border_thickness=&#8221;0px&#8221; alignment=&#8221;left&#8221; alignment_tablet=&#8221;default&#8221; alignment_phone=&#8221;default&#8221; constrain_group_3=&#8221;yes&#8221; constrain_group_4=&#8221;yes&#8221; display=&#8221;block&#8221; display_tablet=&#8221;inherit&#8221; display_phone=&#8221;inherit&#8221; icon_family=&#8221;none&#8221; link_text=&#8221;Avvia la navigazione&#8221; url=&#8221;https:\/\/maps.app.goo.gl\/tvFbu5QUvnGsbiA57&#8243; margin_top=&#8221;30&#8243; margin_bottom=&#8221;20&#8243; padding_top=&#8221;14&#8243; padding_bottom=&#8221;14&#8243; padding_left=&#8221;14&#8243; padding_right=&#8221;14&#8243;][\/vc_column][\/vc_row]\n","protected":false},"excerpt":{"rendered":"<p>[vc_row type=&#8221;in_container&#8221; full_screen_row_position=&#8221;middle&#8221; column_margin=&#8221;default&#8221; column_direction=&#8221;default&#8221; column_direction_tablet=&#8221;default&#8221; column_direction_phone=&#8221;default&#8221; scene_position=&#8221;center&#8221; top_padding=&#8221;3rem&#8221; text_color=&#8221;dark&#8221; text_align=&#8221;left&#8221; row_border_radius=&#8221;none&#8221; row_border_radius_applies=&#8221;bg&#8221; row_position_desktop=&#8221;default&#8221; row_position_tablet=&#8221;inherit&#8221; row_position_phone=&#8221;inherit&#8221; overflow=&#8221;visible&#8221; overlay_strength=&#8221;0.3&#8243; gradient_direction=&#8221;left_to_right&#8221; shape_divider_position=&#8221;bottom&#8221; bg_image_animation=&#8221;none&#8221; gradient_type=&#8221;default&#8221; shape_type=&#8221;&#8221;][vc_column column_padding=&#8221;no-extra-padding&#8221; column_padding_tablet=&#8221;inherit&#8221; column_padding_phone=&#8221;inherit&#8221; column_padding_position=&#8221;all&#8221; flex_gap_desktop=&#8221;10px&#8221; column_element_direction_desktop=&#8221;default&#8221; column_element_spacing=&#8221;default&#8221; desktop_text_alignment=&#8221;default&#8221; tablet_text_alignment=&#8221;default&#8221; phone_text_alignment=&#8221;default&#8221; background_color_opacity=&#8221;1&#8243; background_hover_color_opacity=&#8221;1&#8243; column_backdrop_filter=&#8221;none&#8221; column_shadow=&#8221;none&#8221; column_border_radius=&#8221;none&#8221; column_link_target=&#8221;_self&#8221; column_position=&#8221;default&#8221;&#8230;<\/p>\n","protected":false},"author":1,"featured_media":0,"parent":0,"menu_order":0,"comment_status":"closed","ping_status":"closed","template":"","meta":{"footnotes":""},"class_list":["post-2702","page","type-page","status-publish"],"yoast_head":"<!-- This site is optimized with the Yoast SEO plugin v27.5 - https:\/\/yoast.com\/product\/yoast-seo-wordpress\/ -->\n<title>Location | European Pond Hockey Championships<\/title>\n<meta name=\"robots\" content=\"noindex, follow, max-snippet:-1, max-image-preview:large, max-video-preview:-1\" \/>\n<meta property=\"og:locale\" content=\"it_IT\" \/>\n<meta property=\"og:type\" content=\"article\" \/>\n<meta property=\"og:title\" content=\"Location | European Pond Hockey Championships\" \/>\n<meta property=\"og:description\" content=\"[vc_row type=&#8221;in_container&#8221; full_screen_row_position=&#8221;middle&#8221; column_margin=&#8221;default&#8221; column_direction=&#8221;default&#8221; column_direction_tablet=&#8221;default&#8221; column_direction_phone=&#8221;default&#8221; scene_position=&#8221;center&#8221; top_padding=&#8221;3rem&#8221; text_color=&#8221;dark&#8221; text_align=&#8221;left&#8221; row_border_radius=&#8221;none&#8221; row_border_radius_applies=&#8221;bg&#8221; row_position_desktop=&#8221;default&#8221; row_position_tablet=&#8221;inherit&#8221; row_position_phone=&#8221;inherit&#8221; overflow=&#8221;visible&#8221; overlay_strength=&#8221;0.3&#8243; gradient_direction=&#8221;left_to_right&#8221; shape_divider_position=&#8221;bottom&#8221; bg_image_animation=&#8221;none&#8221; gradient_type=&#8221;default&#8221; shape_type=&#8221;&#8221;][vc_column column_padding=&#8221;no-extra-padding&#8221; column_padding_tablet=&#8221;inherit&#8221; column_padding_phone=&#8221;inherit&#8221; column_padding_position=&#8221;all&#8221; flex_gap_desktop=&#8221;10px&#8221; column_element_direction_desktop=&#8221;default&#8221; column_element_spacing=&#8221;default&#8221; desktop_text_alignment=&#8221;default&#8221; tablet_text_alignment=&#8221;default&#8221; phone_text_alignment=&#8221;default&#8221; background_color_opacity=&#8221;1&#8243; background_hover_color_opacity=&#8221;1&#8243; column_backdrop_filter=&#8221;none&#8221; column_shadow=&#8221;none&#8221; column_border_radius=&#8221;none&#8221; column_link_target=&#8221;_self&#8221; column_position=&#8221;default&#8221;...\" \/>\n<meta property=\"og:url\" content=\"https:\/\/ph.web-mind.it\/it\/location\/\" \/>\n<meta property=\"og:site_name\" content=\"European Pond Hockey Championships\" \/>\n<meta property=\"article:publisher\" content=\"https:\/\/www.facebook.com\/europondhockey\/\" \/>\n<meta property=\"article:modified_time\" content=\"2026-03-19T13:01:30+00:00\" \/>\n<meta property=\"og:image\" content=\"https:\/\/ph.web-mind.it\/wp-content\/uploads\/2026\/04\/59-1772795288-95544-805.jpg\" \/>\n\t<meta property=\"og:image:width\" content=\"720\" \/>\n\t<meta property=\"og:image:height\" content=\"960\" \/>\n\t<meta property=\"og:image:type\" content=\"image\/jpeg\" \/>\n<meta name=\"twitter:card\" content=\"summary_large_image\" \/>\n<meta name=\"twitter:label1\" content=\"Tempo di lettura stimato\" \/>\n\t<meta name=\"twitter:data1\" content=\"4 minuti\" \/>\n<script type=\"application\/ld+json\" class=\"yoast-schema-graph\">{\"@context\":\"https:\\\/\\\/schema.org\",\"@graph\":[{\"@type\":\"WebPage\",\"@id\":\"https:\\\/\\\/ph.web-mind.it\\\/it\\\/location\\\/\",\"url\":\"https:\\\/\\\/ph.web-mind.it\\\/it\\\/location\\\/\",\"name\":\"Location | European Pond Hockey Championships\",\"isPartOf\":{\"@id\":\"https:\\\/\\\/ph.web-mind.it\\\/#website\"},\"datePublished\":\"2026-01-23T15:36:06+00:00\",\"dateModified\":\"2026-03-19T13:01:30+00:00\",\"breadcrumb\":{\"@id\":\"https:\\\/\\\/ph.web-mind.it\\\/it\\\/location\\\/#breadcrumb\"},\"inLanguage\":\"it-IT\",\"potentialAction\":[{\"@type\":\"ReadAction\",\"target\":[\"https:\\\/\\\/ph.web-mind.it\\\/it\\\/location\\\/\"]}]},{\"@type\":\"BreadcrumbList\",\"@id\":\"https:\\\/\\\/ph.web-mind.it\\\/it\\\/location\\\/#breadcrumb\",\"itemListElement\":[{\"@type\":\"ListItem\",\"position\":1,\"name\":\"Home\",\"item\":\"https:\\\/\\\/ph.web-mind.it\\\/it\\\/\"},{\"@type\":\"ListItem\",\"position\":2,\"name\":\"Location\"}]},{\"@type\":\"WebSite\",\"@id\":\"https:\\\/\\\/ph.web-mind.it\\\/#website\",\"url\":\"https:\\\/\\\/ph.web-mind.it\\\/\",\"name\":\"European Pond Hockey Championships\",\"description\":\"\",\"publisher\":{\"@id\":\"https:\\\/\\\/ph.web-mind.it\\\/#organization\"},\"potentialAction\":[{\"@type\":\"SearchAction\",\"target\":{\"@type\":\"EntryPoint\",\"urlTemplate\":\"https:\\\/\\\/ph.web-mind.it\\\/?s={search_term_string}\"},\"query-input\":{\"@type\":\"PropertyValueSpecification\",\"valueRequired\":true,\"valueName\":\"search_term_string\"}}],\"inLanguage\":\"it-IT\"},{\"@type\":\"Organization\",\"@id\":\"https:\\\/\\\/ph.web-mind.it\\\/#organization\",\"name\":\"European Pond Hockey Championship Ritten \\\/ Renon\",\"url\":\"https:\\\/\\\/ph.web-mind.it\\\/\",\"logo\":{\"@type\":\"ImageObject\",\"inLanguage\":\"it-IT\",\"@id\":\"https:\\\/\\\/ph.web-mind.it\\\/#\\\/schema\\\/logo\\\/image\\\/\",\"url\":\"https:\\\/\\\/ph.web-mind.it\\\/wp-content\\\/uploads\\\/2026\\\/01\\\/logo.svg\",\"contentUrl\":\"https:\\\/\\\/ph.web-mind.it\\\/wp-content\\\/uploads\\\/2026\\\/01\\\/logo.svg\",\"width\":500,\"height\":550,\"caption\":\"European Pond Hockey Championship Ritten \\\/ Renon\"},\"image\":{\"@id\":\"https:\\\/\\\/ph.web-mind.it\\\/#\\\/schema\\\/logo\\\/image\\\/\"},\"sameAs\":[\"https:\\\/\\\/www.facebook.com\\\/europondhockey\\\/\",\"https:\\\/\\\/www.instagram.com\\\/europondhockey\\\/\"]}]}<\/script>\n<!-- \/ Yoast SEO plugin. -->","yoast_head_json":{"title":"Location | European Pond Hockey Championships","robots":{"index":"noindex","follow":"follow","max-snippet":"max-snippet:-1","max-image-preview":"max-image-preview:large","max-video-preview":"max-video-preview:-1"},"og_locale":"it_IT","og_type":"article","og_title":"Location | European Pond Hockey Championships","og_description":"[vc_row type=&#8221;in_container&#8221; full_screen_row_position=&#8221;middle&#8221; column_margin=&#8221;default&#8221; column_direction=&#8221;default&#8221; column_direction_tablet=&#8221;default&#8221; column_direction_phone=&#8221;default&#8221; scene_position=&#8221;center&#8221; top_padding=&#8221;3rem&#8221; text_color=&#8221;dark&#8221; text_align=&#8221;left&#8221; row_border_radius=&#8221;none&#8221; row_border_radius_applies=&#8221;bg&#8221; row_position_desktop=&#8221;default&#8221; row_position_tablet=&#8221;inherit&#8221; row_position_phone=&#8221;inherit&#8221; overflow=&#8221;visible&#8221; overlay_strength=&#8221;0.3&#8243; gradient_direction=&#8221;left_to_right&#8221; shape_divider_position=&#8221;bottom&#8221; bg_image_animation=&#8221;none&#8221; gradient_type=&#8221;default&#8221; shape_type=&#8221;&#8221;][vc_column column_padding=&#8221;no-extra-padding&#8221; column_padding_tablet=&#8221;inherit&#8221; column_padding_phone=&#8221;inherit&#8221; column_padding_position=&#8221;all&#8221; flex_gap_desktop=&#8221;10px&#8221; column_element_direction_desktop=&#8221;default&#8221; column_element_spacing=&#8221;default&#8221; desktop_text_alignment=&#8221;default&#8221; tablet_text_alignment=&#8221;default&#8221; phone_text_alignment=&#8221;default&#8221; background_color_opacity=&#8221;1&#8243; background_hover_color_opacity=&#8221;1&#8243; column_backdrop_filter=&#8221;none&#8221; column_shadow=&#8221;none&#8221; column_border_radius=&#8221;none&#8221; column_link_target=&#8221;_self&#8221; column_position=&#8221;default&#8221;...","og_url":"https:\/\/ph.web-mind.it\/it\/location\/","og_site_name":"European Pond Hockey Championships","article_publisher":"https:\/\/www.facebook.com\/europondhockey\/","article_modified_time":"2026-03-19T13:01:30+00:00","og_image":[{"width":720,"height":960,"url":"https:\/\/ph.web-mind.it\/wp-content\/uploads\/2026\/04\/59-1772795288-95544-805.jpg","type":"image\/jpeg"}],"twitter_card":"summary_large_image","twitter_misc":{"Tempo di lettura stimato":"4 minuti"},"schema":{"@context":"https:\/\/schema.org","@graph":[{"@type":"WebPage","@id":"https:\/\/ph.web-mind.it\/it\/location\/","url":"https:\/\/ph.web-mind.it\/it\/location\/","name":"Location | European Pond Hockey Championships","isPartOf":{"@id":"https:\/\/ph.web-mind.it\/#website"},"datePublished":"2026-01-23T15:36:06+00:00","dateModified":"2026-03-19T13:01:30+00:00","breadcrumb":{"@id":"https:\/\/ph.web-mind.it\/it\/location\/#breadcrumb"},"inLanguage":"it-IT","potentialAction":[{"@type":"ReadAction","target":["https:\/\/ph.web-mind.it\/it\/location\/"]}]},{"@type":"BreadcrumbList","@id":"https:\/\/ph.web-mind.it\/it\/location\/#breadcrumb","itemListElement":[{"@type":"ListItem","position":1,"name":"Home","item":"https:\/\/ph.web-mind.it\/it\/"},{"@type":"ListItem","position":2,"name":"Location"}]},{"@type":"WebSite","@id":"https:\/\/ph.web-mind.it\/#website","url":"https:\/\/ph.web-mind.it\/","name":"European Pond Hockey Championships","description":"","publisher":{"@id":"https:\/\/ph.web-mind.it\/#organization"},"potentialAction":[{"@type":"SearchAction","target":{"@type":"EntryPoint","urlTemplate":"https:\/\/ph.web-mind.it\/?s={search_term_string}"},"query-input":{"@type":"PropertyValueSpecification","valueRequired":true,"valueName":"search_term_string"}}],"inLanguage":"it-IT"},{"@type":"Organization","@id":"https:\/\/ph.web-mind.it\/#organization","name":"European Pond Hockey Championship Ritten \/ Renon","url":"https:\/\/ph.web-mind.it\/","logo":{"@type":"ImageObject","inLanguage":"it-IT","@id":"https:\/\/ph.web-mind.it\/#\/schema\/logo\/image\/","url":"https:\/\/ph.web-mind.it\/wp-content\/uploads\/2026\/01\/logo.svg","contentUrl":"https:\/\/ph.web-mind.it\/wp-content\/uploads\/2026\/01\/logo.svg","width":500,"height":550,"caption":"European Pond Hockey Championship Ritten \/ Renon"},"image":{"@id":"https:\/\/ph.web-mind.it\/#\/schema\/logo\/image\/"},"sameAs":["https:\/\/www.facebook.com\/europondhockey\/","https:\/\/www.instagram.com\/europondhockey\/"]}]}},"_links":{"self":[{"href":"https:\/\/ph.web-mind.it\/it\/wp-json\/wp\/v2\/pages\/2702","targetHints":{"allow":["GET"]}}],"collection":[{"href":"https:\/\/ph.web-mind.it\/it\/wp-json\/wp\/v2\/pages"}],"about":[{"href":"https:\/\/ph.web-mind.it\/it\/wp-json\/wp\/v2\/types\/page"}],"author":[{"embeddable":true,"href":"https:\/\/ph.web-mind.it\/it\/wp-json\/wp\/v2\/users\/1"}],"replies":[{"embeddable":true,"href":"https:\/\/ph.web-mind.it\/it\/wp-json\/wp\/v2\/comments?post=2702"}],"version-history":[{"count":5,"href":"https:\/\/ph.web-mind.it\/it\/wp-json\/wp\/v2\/pages\/2702\/revisions"}],"predecessor-version":[{"id":2707,"href":"https:\/\/ph.web-mind.it\/it\/wp-json\/wp\/v2\/pages\/2702\/revisions\/2707"}],"wp:attachment":[{"href":"https:\/\/ph.web-mind.it\/it\/wp-json\/wp\/v2\/media?parent=2702"}],"curies":[{"name":"wp","href":"https:\/\/api.w.org\/{rel}","templated":true}]}}